{"id":4033,"date":"2019-04-12T07:52:47","date_gmt":"2019-04-12T07:52:47","guid":{"rendered":"https:\/\/www.warex-valve.com\/?page_id=4033"},"modified":"2019-07-05T12:08:02","modified_gmt":"2019-07-05T12:08:02","slug":"qualitaet","status":"publish","type":"page","link":"https:\/\/www.warex-valve.com\/fr\/qualitaet\/","title":{"rendered":"Qualit\u00e4t"},"content":{"rendered":"<p><div class=\"fusion-fullwidth fullwidth-box fusion-builder-row-1 nonhundred-percent-fullwidth non-hundred-percent-height-scrolling\" style=\"--awb-border-radius-top-left:0px;--awb-border-radius-top-right:0px;--awb-border-radius-bottom-right:0px;--awb-border-radius-bottom-left:0px;--awb-flex-wrap:wrap;\" id=\"Uberuns\" ><div class=\"fusion-builder-row fusion-row\"><div class=\"fusion-layout-column fusion_builder_column fusion-builder-column-0 fusion_builder_column_3_5 3_5 fusion-three-fifth fusion-column-first mobile-padding\" style=\"--awb-padding-right:3%;--awb-padding-left:12%;--awb-bg-size:cover;--awb-margin-top:6%;width:60%;width:calc(60% - ( ( 4% ) * 0.6 ) );margin-right: 4%;\"><div class=\"fusion-column-wrapper fusion-column-has-shadow fusion-flex-column-wrapper-legacy\"><div class=\"fusion-text fusion-text-1\"><p class=\"p1\" style=\"font-size: 24px;\"><span style=\"color: #b71e3f;\"><b class=\"\"><span class=\"\">Arm\u00e9 pour tous les d\u00e9fis.<\/span><\/b><b>\u00a0<\/b><span class=\"\">Nos produits sont des solutions, m\u00eame pour les applications les plus exigeantes. Outre notre expertise et des collaborateurs extr\u00eamement qualifi\u00e9s, la gestion de la qualit\u00e9 est primordiale pour cette qualit\u00e9. Nous sommes certifi\u00e9s selon la norme ISO 9001:2015 et disposons de tous les certificats n\u00e9cessaires dans le secteur ATEX. Vous trouverez par la suite tous les documents \u00e0 consulter\u00a0\/\u00a0t\u00e9l\u00e9charger.<\/span><\/span><\/p>\n<\/div><div class=\"fusion-sep-clear\"><\/div><div class=\"fusion-separator fusion-full-width-sep\" style=\"margin-left: auto;margin-right: auto;margin-top:3%;width:100%;\"><div class=\"fusion-separator-border sep-double\" style=\"--awb-height:20px;--awb-amount:20px;border-color:#e0dede;border-top-width:0px;border-bottom-width:0px;\"><\/div><\/div><div class=\"fusion-sep-clear\"><\/div><div class=\"fusion-image-element fusion-image-align-center in-legacy-container\" style=\"text-align:center;--awb-caption-title-font-family:var(--h2_typography-font-family);--awb-caption-title-font-weight:var(--h2_typography-font-weight);--awb-caption-title-font-style:var(--h2_typography-font-style);--awb-caption-title-size:var(--h2_typography-font-size);--awb-caption-title-transform:var(--h2_typography-text-transform);--awb-caption-title-line-height:var(--h2_typography-line-height);--awb-caption-title-letter-spacing:var(--h2_typography-letter-spacing);\"><div class=\"imageframe-align-center\"><span class=\" fusion-imageframe imageframe-none imageframe-1 hover-type-none\"><img decoding=\"async\" width=\"1920\" height=\"555\" title=\"warex_website_mediacenter_mockup_certificate\" src=\"https:\/\/www.warex-valve.com\/wp-content\/uploads\/2019\/03\/warex_website_mediacenter_mockup_certificate.png\" alt class=\"img-responsive wp-image-4045\" srcset=\"https:\/\/www.warex-valve.com\/wp-content\/uploads\/2019\/03\/warex_website_mediacenter_mockup_certificate-200x58.png 200w, https:\/\/www.warex-valve.com\/wp-content\/uploads\/2019\/03\/warex_website_mediacenter_mockup_certificate-400x116.png 400w, https:\/\/www.warex-valve.com\/wp-content\/uploads\/2019\/03\/warex_website_mediacenter_mockup_certificate-600x173.png 600w, https:\/\/www.warex-valve.com\/wp-content\/uploads\/2019\/03\/warex_website_mediacenter_mockup_certificate-800x231.png 800w, https:\/\/www.warex-valve.com\/wp-content\/uploads\/2019\/03\/warex_website_mediacenter_mockup_certificate-1200x347.png 1200w, https:\/\/www.warex-valve.com\/wp-content\/uploads\/2019\/03\/warex_website_mediacenter_mockup_certificate.png 1920w\" sizes=\"(max-width: 1250px) 100vw, 1200px\" \/><\/span><\/div><\/div><div class=\"fusion-sep-clear\"><\/div><div class=\"fusion-separator fusion-full-width-sep\" style=\"margin-left: auto;margin-right: auto;margin-top:3%;width:100%;\"><div class=\"fusion-separator-border sep-double\" style=\"--awb-height:20px;--awb-amount:20px;border-color:#e0dede;border-top-width:0px;border-bottom-width:0px;\"><\/div><\/div><div class=\"fusion-sep-clear\"><\/div><a class=\"fusion-modal-text-link\" href=\"#\"><a href=\"https:\/\/www.warex-valve.com\/fr\/mediacenter\"><button class=\"btn\"><i class=\"fas fa-arrow-alt-circle-down\"><\/i> T\u00c9L\u00c9CHARGER LES CERTIFICATS<\/button><\/a><\/a><div class=\"fusion-clearfix\"><\/div><\/div><\/div><div class=\"fusion-layout-column fusion_builder_column fusion-builder-column-1 fusion_builder_column_2_5 2_5 fusion-two-fifth fusion-column-last mit-uns-passiert-nicht-left fusion-no-small-visibility fusion-no-medium-visibility\" style=\"--awb-bg-image:url(&#039;https:\/\/www.warex-valve.com\/wp-content\/uploads\/2019\/04\/warex_website_bg_unternehmen_qualitaet-1.svg&#039;);--awb-bg-size:cover;width:40%;width:calc(40% - ( ( 4% ) * 0.4 ) );\"><div class=\"fusion-column-wrapper fusion-flex-column-wrapper-legacy fusion-empty-column-bg-image fusion-column-has-bg-image\" data-bg-url=\"https:\/\/www.warex-valve.com\/wp-content\/uploads\/2019\/04\/warex_website_bg_unternehmen_qualitaet-1.svg\"><img decoding=\"async\" class=\"fusion-empty-dims-img-placeholder\" src=\"data:image\/svg+xml,%3Csvg%20xmlns%3D%27http%3A%2F%2Fwww.w3.org%2F2000%2Fsvg%27%20width%3D%27500%27%20height%3D%27500%27%20viewBox%3D%270%200%20500%20500%27%3E%3Crect%20width%3D%27500%27%20height%3D%27500%27%20fill-opacity%3D%220%22%2F%3E%3C%2Fsvg%3E\"><div class=\"fusion-clearfix\"><\/div><\/div><\/div><\/div><\/div><div class=\"fusion-fullwidth fullwidth-box fusion-builder-row-2 nonhundred-percent-fullwidth non-hundred-percent-height-scrolling fusion-no-medium-visibility\" style=\"--awb-border-radius-top-left:0px;--awb-border-radius-top-right:0px;--awb-border-radius-bottom-right:0px;--awb-border-radius-bottom-left:0px;--awb-background-color:#000000;--awb-flex-wrap:wrap;\" ><div class=\"fusion-builder-row fusion-row\"><div class=\"fusion-layout-column fusion_builder_column fusion-builder-column-2 fusion_builder_column_1_4 1_4 fusion-one-fourth fusion-column-first\" style=\"--awb-bg-size:cover;width:25%;width:calc(25% - ( ( 4% + 4% + 4% ) * 0.25 ) );margin-right: 4%;\"><div class=\"fusion-column-wrapper fusion-column-has-shadow fusion-flex-column-wrapper-legacy\"><div class=\"fusion-clearfix\"><\/div><\/div><\/div><div class=\"fusion-layout-column fusion_builder_column fusion-builder-column-3 fusion_builder_column_1_4 1_4 fusion-one-fourth\" style=\"--awb-padding-top:32px;--awb-padding-right:32px;--awb-padding-bottom:32px;--awb-padding-left:32px;--awb-bg-size:cover;width:25%;width:calc(25% - ( ( 4% + 4% + 4% ) * 0.25 ) );margin-right: 4%;\" id=\"messe-termine\"><div class=\"fusion-column-wrapper fusion-column-has-shadow fusion-flex-column-wrapper-legacy\"><div class=\"fusion-column-content-centered\"><div class=\"fusion-column-content\"><div class=\"fusion-title title fusion-title-1 fusion-sep-none fusion-title-text fusion-title-size-two\"><h2 class=\"fusion-title-heading title-heading-left fusion-responsive-typography-calculated\" style=\"margin:0;--fontSize:40;line-height:1.5;\"><h2><span style=\"color: #ffffff;\">SALONS<\/span><\/h2><\/h2><\/div><div class=\"fusion-text fusion-text-2\"><p class=\"p1\"><span style=\"color: #ffffff;\"><span class=\"s1\"><b><\/b><\/span><br \/>\n<\/span><\/p>\n<p class=\"p1\"><span style=\"color: #ffffff;\"><span class=\"s1\"><b>SOLIDS EASYFAIRS Dortmund<br \/>16. \u2013 17.06.2021<br \/><\/b><\/span><br \/>\n<\/span><\/p>\n<\/div><\/div><\/div><div class=\"fusion-clearfix\"><\/div><\/div><\/div><div class=\"fusion-layout-column fusion_builder_column fusion-builder-column-4 fusion_builder_column_1_4 1_4 fusion-one-fourth\" style=\"--awb-padding-top:32px;--awb-padding-right:32px;--awb-padding-bottom:32px;--awb-padding-left:32px;--awb-bg-size:cover;width:25%;width:calc(25% - ( ( 4% + 4% + 4% ) * 0.25 ) );margin-right: 4%;\" id=\"aktuelles\"><div class=\"fusion-column-wrapper fusion-column-has-shadow fusion-flex-column-wrapper-legacy\"><div class=\"fusion-column-content-centered\"><div class=\"fusion-column-content\"><div class=\"fusion-title title fusion-title-2 fusion-sep-none fusion-title-text fusion-title-size-two\"><h2 class=\"fusion-title-heading title-heading-left fusion-responsive-typography-calculated\" style=\"margin:0;--fontSize:40;line-height:1.5;\"><h2><span style=\"color: #ffffff;\">ACTUALIT\u00c9S<\/span><\/h2><\/h2><\/div><div class=\"fusion-text fusion-text-3\"><p class=\"p1\"><span style=\"color: #ffffff;\"><b>Site Web<\/b><\/span><br \/>\n<a href=\"https:\/\/www.warex-valve.com\/fr\/news\/\"><span style=\"color: #ffffff; text-decoration: none;\">Notre nouveau site internet<\/span><\/a><\/p>\n<\/div><\/div><\/div><div class=\"fusion-clearfix\"><\/div><\/div><\/div><div class=\"fusion-layout-column fusion_builder_column fusion-builder-column-5 fusion_builder_column_1_4 1_4 fusion-one-fourth fusion-column-last\" style=\"--awb-bg-size:cover;width:25%;width:calc(25% - ( ( 4% + 4% + 4% ) * 0.25 ) );\"><div class=\"fusion-column-wrapper fusion-column-has-shadow fusion-flex-column-wrapper-legacy\"><div class=\"fusion-clearfix\"><\/div><\/div><\/div><\/div><\/div><\/p>\n","protected":false},"excerpt":{"rendered":"","protected":false},"author":1,"featured_media":0,"parent":0,"menu_order":0,"comment_status":"closed","ping_status":"closed","template":"","meta":{"om_disable_all_campaigns":false,"inline_featured_image":false,"_monsterinsights_skip_tracking":false,"_monsterinsights_sitenote_active":false,"_monsterinsights_sitenote_note":"","_monsterinsights_sitenote_category":0,"_uf_show_specific_survey":0,"_uf_disable_surveys":false,"footnotes":""},"class_list":["post-4033","page","type-page","status-publish","hentry"],"aioseo_notices":[],"_links":{"self":[{"href":"https:\/\/www.warex-valve.com\/fr\/wp-json\/wp\/v2\/pages\/4033","targetHints":{"allow":["GET"]}}],"collection":[{"href":"https:\/\/www.warex-valve.com\/fr\/wp-json\/wp\/v2\/pages"}],"about":[{"href":"https:\/\/www.warex-valve.com\/fr\/wp-json\/wp\/v2\/types\/page"}],"author":[{"embeddable":true,"href":"https:\/\/www.warex-valve.com\/fr\/wp-json\/wp\/v2\/users\/1"}],"replies":[{"embeddable":true,"href":"https:\/\/www.warex-valve.com\/fr\/wp-json\/wp\/v2\/comments?post=4033"}],"version-history":[{"count":7,"href":"https:\/\/www.warex-valve.com\/fr\/wp-json\/wp\/v2\/pages\/4033\/revisions"}],"predecessor-version":[{"id":5226,"href":"https:\/\/www.warex-valve.com\/fr\/wp-json\/wp\/v2\/pages\/4033\/revisions\/5226"}],"wp:attachment":[{"href":"https:\/\/www.warex-valve.com\/fr\/wp-json\/wp\/v2\/media?parent=4033"}],"curies":[{"name":"wp","href":"https:\/\/api.w.org\/{rel}","templated":true}]}}