{"id":4704,"date":"2019-04-12T14:00:05","date_gmt":"2019-04-12T14:00:05","guid":{"rendered":"https:\/\/www.warex-valve.com\/?page_id=4704"},"modified":"2019-04-24T10:50:43","modified_gmt":"2019-04-24T10:50:43","slug":"impressum","status":"publish","type":"page","link":"https:\/\/www.warex-valve.com\/fr\/impressum\/","title":{"rendered":"Impressum"},"content":{"rendered":"<p><div class=\"fusion-fullwidth fullwidth-box fusion-builder-row-1 nonhundred-percent-fullwidth non-hundred-percent-height-scrolling\" style=\"--awb-border-radius-top-left:0px;--awb-border-radius-top-right:0px;--awb-border-radius-bottom-right:0px;--awb-border-radius-bottom-left:0px;--awb-flex-wrap:wrap;\" ><div class=\"fusion-builder-row fusion-row\"><div class=\"fusion-layout-column fusion_builder_column fusion-builder-column-0 fusion_builder_column_1_4 1_4 fusion-one-fourth fusion-column-first\" style=\"--awb-bg-size:cover;width:25%;width:calc(25% - ( ( 4% + 4% ) * 0.25 ) );margin-right: 4%;\"><div class=\"fusion-column-wrapper fusion-flex-column-wrapper-legacy\"><div class=\"fusion-clearfix\"><\/div><\/div><\/div><div class=\"fusion-layout-column fusion_builder_column fusion-builder-column-1 fusion_builder_column_1_4 1_4 fusion-one-fourth\" style=\"--awb-bg-size:cover;width:25%;width:calc(25% - ( ( 4% + 4% ) * 0.25 ) );margin-right: 4%;\"><div class=\"fusion-column-wrapper fusion-flex-column-wrapper-legacy\"><div class=\"fusion-clearfix\"><\/div><\/div><\/div><div class=\"fusion-layout-column fusion_builder_column fusion-builder-column-2 fusion_builder_column_1_2 1_2 fusion-one-half fusion-column-last\" style=\"--awb-bg-size:cover;width:50%;width:calc(50% - ( ( 4% + 4% ) * 0.5 ) );\"><div class=\"fusion-column-wrapper fusion-flex-column-wrapper-legacy\"><div class=\"fusion-clearfix\"><\/div><\/div><\/div><\/div><\/div><div class=\"fusion-fullwidth fullwidth-box fusion-builder-row-2 nonhundred-percent-fullwidth non-hundred-percent-height-scrolling\" style=\"--awb-border-radius-top-left:0px;--awb-border-radius-top-right:0px;--awb-border-radius-bottom-right:0px;--awb-border-radius-bottom-left:0px;--awb-flex-wrap:wrap;\" ><div class=\"fusion-builder-row fusion-row\"><div class=\"fusion-layout-column fusion_builder_column fusion-builder-column-3 fusion_builder_column_1_6 1_6 fusion-one-sixth fusion-column-first\" style=\"--awb-bg-size:cover;width:16.666666666667%;width:calc(16.666666666667% - ( ( 4% + 4% + 4% ) * 0.16666666666667 ) );margin-right: 4%;\"><div class=\"fusion-column-wrapper fusion-flex-column-wrapper-legacy\"><div class=\"fusion-clearfix\"><\/div><\/div><\/div><div class=\"fusion-layout-column fusion_builder_column fusion-builder-column-4 fusion_builder_column_1_4 1_4 fusion-one-fourth\" style=\"--awb-bg-size:cover;width:25%;width:calc(25% - ( ( 4% + 4% + 4% ) * 0.25 ) );margin-right: 4%;\"><div class=\"fusion-column-wrapper fusion-flex-column-wrapper-legacy\"><div class=\"fusion-title title fusion-title-1 fusion-sep-none fusion-title-text fusion-title-size-one\"><h1 class=\"fusion-title-heading title-heading-left fusion-responsive-typography-calculated\" style=\"margin:0;--fontSize:50;line-height:1.4;\"><span style=\"background: black; color: white; text-transform: uppercase; font-size: 30px; padding: 2px 2px 5px 5px;\">Empreinte<\/span><\/h1><\/div><div class=\"fusion-clearfix\"><\/div><\/div><\/div><div class=\"fusion-layout-column fusion_builder_column fusion-builder-column-5 fusion_builder_column_2_5 2_5 fusion-two-fifth\" style=\"--awb-bg-size:cover;width:40%;width:calc(40% - ( ( 4% + 4% + 4% ) * 0.4 ) );margin-right: 4%;\"><div class=\"fusion-column-wrapper fusion-flex-column-wrapper-legacy\"><div class=\"fusion-clearfix\"><\/div><\/div><\/div><div class=\"fusion-layout-column fusion_builder_column fusion-builder-column-6 fusion_builder_column_1_6 1_6 fusion-one-sixth fusion-column-last\" style=\"--awb-bg-size:cover;width:16.666666666667%;width:calc(16.666666666667% - ( ( 4% + 4% + 4% ) * 0.16666666666667 ) );\"><div class=\"fusion-column-wrapper fusion-flex-column-wrapper-legacy\"><div class=\"fusion-clearfix\"><\/div><\/div><\/div><div class=\"fusion-layout-column fusion_builder_column fusion-builder-column-7 fusion_builder_column_1_6 1_6 fusion-one-sixth fusion-column-first\" style=\"--awb-bg-size:cover;width:16.666666666667%;width:calc(16.666666666667% - ( ( 4% + 4% + 4% ) * 0.16666666666667 ) );margin-right: 4%;\"><div class=\"fusion-column-wrapper fusion-flex-column-wrapper-legacy\"><div class=\"fusion-clearfix\"><\/div><\/div><\/div><div class=\"fusion-layout-column fusion_builder_column fusion-builder-column-8 fusion_builder_column_1_4 1_4 fusion-one-fourth\" style=\"--awb-bg-size:cover;width:25%;width:calc(25% - ( ( 4% + 4% + 4% ) * 0.25 ) );margin-right: 4%;\"><div class=\"fusion-column-wrapper fusion-flex-column-wrapper-legacy\"><div class=\"fusion-text fusion-text-1\"><div class=\"uncode_text_column\">\n<p><strong>Warex Valve GmbH<\/strong><\/p>\n<p>Stauverbrink 2<br \/>\n48308 Senden<br \/>\nAllemagne<\/p>\n<p>T\u00e9l\u00e9phone: +49 25 36 &#8211; 99 58 &#8211; 0<br \/>\nTelefax: +49 25 36 &#8211; 99 58 &#8211; 29<br \/>\nE-Mail: info@warex-valve.com<\/p>\n<p><strong>Equipe dirigeante<\/strong><\/p>\n<p>Dipl.-Kaufm. J\u00f6rn Schneider<br \/>\nDipl.-Ing. Andreas Reusch<br \/>\nFrank Schmidt<\/p>\n<p><strong>Si\u00e8ge<\/strong><\/p>\n<p>D \u2013 \u202848308 Senden<\/p>\n<p><strong>Registre du commerce<\/strong><\/p>\n<p>Coesfeld<\/p>\n<p><strong>Inscrivez-vous nombre<\/strong><\/p>\n<p>HRB 7164<\/p>\n<p><strong>Num\u00e9ro de TVA: DE<\/strong><\/p>\n<p>DE811805357<\/p>\n<p><strong>Responsable du contenu selon. \u00a710 Abs. 3 MDStV<\/strong><\/p>\n<p>Dipl.-Kaufm. J\u00f6rn Schneider<br \/>\nDipl.-Ing. Andreas Reusch<br \/>\nFrank Schmidt<br \/>\n(Adresse comme ci-dessus)<\/p>\n<p><strong>Mise en page &amp; Design<\/strong><\/p>\n<p>RSB DESIGN GmbH<br \/>\nAgentur f\u00fcr Marketing &amp; Kommunikation<br \/>\nT\u00e9l\u00e9phone:<a href=\"tel:+4902017988330\">+49 (0) 201 79 88 33 0<\/a><br \/>\nE-Mal: <a href=\"mailto:info@rsb-design.de\">info@rsb-design.de<\/a><br \/>\nSite Web: <a href=\"https:\/\/www.rsb-design.de\" target=\"_blank\" rel=\"noopener noreferrer\">www.rsb-design.de<\/a><\/p>\n<\/div>\n<\/div><div class=\"fusion-clearfix\"><\/div><\/div><\/div><div class=\"fusion-layout-column fusion_builder_column fusion-builder-column-9 fusion_builder_column_2_5 2_5 fusion-two-fifth\" style=\"--awb-bg-size:cover;width:40%;width:calc(40% - ( ( 4% + 4% + 4% ) * 0.4 ) );margin-right: 4%;\"><div class=\"fusion-column-wrapper fusion-flex-column-wrapper-legacy\"><div class=\"fusion-text fusion-text-2\"><div class=\"heading-text el-text\"><\/div>\n<div class=\"uncode_text_column\">\n<p>Malgr\u00e9 un contr\u00f4le rigoureux, nous ne sommes en aucune fa\u00e7on responsable du contenu des liens ext\u00e9rieurs \u00e0 notre site internet. Seul l&rsquo;op\u00e9rateur du site internet est responsable du contenu des informations.<\/p>\n<p><strong>Responsabilit\u00e9 pour contenus<\/strong><\/p>\n<p>En tant que fournisseur de services, nous sommes responsables de nos propres contenus sur ces pages conform\u00e9ment \u00e0 la l\u00e9gislation g\u00e9n\u00e9rale selon \u00a7 7, par. 1, TMG. Selon \u00a7\u00a7 8 \u00e0 10 TMG, nous ne sommes toutefois pas tenus, en tant que fournisseur de services, de v\u00e9rifier les informations externes fournies ou enregistr\u00e9es ou de rechercher les circonstances qui indiquent une activit\u00e9 ill\u00e9gale. Ceci ne s\u2019applique pas aux obligations de suppression ou de blocage d\u2019utilisation d\u2019informations selon la l\u00e9gislation g\u00e9n\u00e9rale. Une telle responsabilit\u00e9 est possible d\u00e8s lors qu\u2019une infraction concr\u00e8te a \u00e9t\u00e9 constat\u00e9e. Nous supprimerons imm\u00e9diatement ces contenus apr\u00e8s avoir \u00e9t\u00e9 inform\u00e9s d\u2019une telle infraction.<\/p>\n<p><strong>Responsabilit\u00e9 du fait des liens hypertextes<\/strong><\/p>\n<p>Notre offre contient des liens vers des sites tiers externes. Nous ne sommes pas responsables du contenu de ces liens \u00e9trangers que nous ne pouvons garantir. Le fournisseur ou l\u2019exploitant des pages li\u00e9es est toujours seul responsable de leur contenu. Elles ont fait l\u2019objet d\u2019une v\u00e9rification de violation de droits \u00e9ventuels au moment de la mise en place des liens. Des contenus ill\u00e9gaux n\u2019ont pas \u00e9t\u00e9 d\u00e9cel\u00e9s \u00e0 ce moment. Un contr\u00f4le permanent du contenu des pages li\u00e9es ne peut \u00eatre r\u00e9alis\u00e9 sans indices concrets d\u2019une infraction. Nous supprimerons imm\u00e9diatement ces liens apr\u00e8s avoir \u00e9t\u00e9 inform\u00e9s d\u2019une telle infraction.<\/p>\n<p><strong>Droits d\u2019auteur<\/strong><\/p>\n<p>Les contenus et ouvrages r\u00e9alis\u00e9s par les exploitants du site sur ces pages sont soumis aux droits d\u2019auteur allemands. La reproduction, le traitement, la diffusion et chaque type d\u2019utilisation d\u00e9passant les limites des droits d\u2019auteur font l\u2019objet d\u2019un accord \u00e9crit de l\u2019auteur ou du r\u00e9dacteur concern\u00e9. Les t\u00e9l\u00e9chargements et les copies de ce site sont uniquement autoris\u00e9s pour une utilisation personnelle et non commerciale. Les droits d\u2019auteurs de tiers sont respect\u00e9s pour autant que les contenus de cette page n\u2019aient pas \u00e9t\u00e9 r\u00e9alis\u00e9s par l\u2019exploitant. Les contenus de tiers notamment sont indiqu\u00e9s comme tels. Nous vous demandons n\u00e9anmoins de bien vouloir nous informer si vous constatez une atteinte aux droits d\u2019auteur. Nous supprimerons imm\u00e9diatement ces contenus apr\u00e8s avoir \u00e9t\u00e9 inform\u00e9s d\u2019une telle infraction.<\/p>\n<\/div>\n<\/div><div class=\"fusion-clearfix\"><\/div><\/div><\/div><div class=\"fusion-layout-column fusion_builder_column fusion-builder-column-10 fusion_builder_column_1_6 1_6 fusion-one-sixth fusion-column-last\" style=\"--awb-bg-size:cover;width:16.666666666667%;width:calc(16.666666666667% - ( ( 4% + 4% + 4% ) * 0.16666666666667 ) );\"><div class=\"fusion-column-wrapper fusion-flex-column-wrapper-legacy\"><div class=\"fusion-clearfix\"><\/div><\/div><\/div><\/div><\/div><\/p>\n","protected":false},"excerpt":{"rendered":"","protected":false},"author":1,"featured_media":0,"parent":0,"menu_order":0,"comment_status":"closed","ping_status":"closed","template":"","meta":{"om_disable_all_campaigns":false,"inline_featured_image":false,"_monsterinsights_skip_tracking":false,"_monsterinsights_sitenote_active":false,"_monsterinsights_sitenote_note":"","_monsterinsights_sitenote_category":0,"_uf_show_specific_survey":0,"_uf_disable_surveys":false,"footnotes":""},"class_list":["post-4704","page","type-page","status-publish","hentry"],"aioseo_notices":[],"_links":{"self":[{"href":"https:\/\/www.warex-valve.com\/fr\/wp-json\/wp\/v2\/pages\/4704","targetHints":{"allow":["GET"]}}],"collection":[{"href":"https:\/\/www.warex-valve.com\/fr\/wp-json\/wp\/v2\/pages"}],"about":[{"href":"https:\/\/www.warex-valve.com\/fr\/wp-json\/wp\/v2\/types\/page"}],"author":[{"embeddable":true,"href":"https:\/\/www.warex-valve.com\/fr\/wp-json\/wp\/v2\/users\/1"}],"replies":[{"embeddable":true,"href":"https:\/\/www.warex-valve.com\/fr\/wp-json\/wp\/v2\/comments?post=4704"}],"version-history":[{"count":3,"href":"https:\/\/www.warex-valve.com\/fr\/wp-json\/wp\/v2\/pages\/4704\/revisions"}],"predecessor-version":[{"id":4707,"href":"https:\/\/www.warex-valve.com\/fr\/wp-json\/wp\/v2\/pages\/4704\/revisions\/4707"}],"wp:attachment":[{"href":"https:\/\/www.warex-valve.com\/fr\/wp-json\/wp\/v2\/media?parent=4704"}],"curies":[{"name":"wp","href":"https:\/\/api.w.org\/{rel}","templated":true}]}}